{"id":12204,"date":"2025-05-28T17:14:04","date_gmt":"2025-05-28T15:14:04","guid":{"rendered":"https:\/\/www.zivd.de\/die-sprachbruecke\/"},"modified":"2026-02-13T22:55:27","modified_gmt":"2026-02-13T21:55:27","slug":"die-sprachbruecke","status":"publish","type":"page","link":"https:\/\/www.zivd.de\/en\/die-sprachbruecke\/","title":{"rendered":"Die Sprachbr\u00fccke"},"content":{"rendered":"\t\t<div data-elementor-type=\"wp-page\" data-elementor-id=\"12204\" class=\"elementor elementor-12204 elementor-12193\">\n\t\t\t\t<div class=\"elementor-element elementor-element-45b2373 e-flex e-con-boxed e-con e-parent\" data-id=\"45b2373\" data-element_type=\"container\" data-e-type=\"container\">\n\t\t\t\t\t<div class=\"e-con-inner\">\n\t\t\t\t<div class=\"elementor-element elementor-element-79102bc elementor-widget elementor-widget-text-editor\" data-id=\"79102bc\" data-element_type=\"widget\" data-e-type=\"widget\" data-widget_type=\"text-editor.default\">\n\t\t\t\t<div class=\"elementor-widget-container\">\n\t\t\t\t\t\t\t\t\t<p data-start=\"350\" data-end=\"848\"><strong data-start=\"350\" data-end=\"430\">Deutsch lernen \u2013 praxisnah, digital und gemeinsam mit Muttersprachler*innen.<\/strong><br data-start=\"430\" data-end=\"433\" \/>Die Sprachbr\u00fccke ist ein innovatives Online-Sprachlernangebot des ZIVD im Rahmen des International Career Harbour. Es richtet sich an arabischsprachige Menschen \u2013 <strong data-start=\"596\" data-end=\"647\">sowohl im Herkunftsland als auch in Deutschland<\/strong> \u2013, die ihre Deutschkenntnisse gezielt und strukturiert verbessern m\u00f6chten. Der Fokus liegt auf beruflicher Orientierung, alltagsnaher Kommunikation und der Vorbereitung auf anerkannte Sprachpr\u00fcfungen.<\/p><p data-start=\"850\" data-end=\"1231\">Der Unterricht wird von deutschen Muttersprachler*innen durchgef\u00fchrt, die nach einem speziell entwickelten Lernsystem arbeiten. Dieses System wurde vom ZIVD-Team erarbeitet und orientiert sich an den Anforderungen g\u00e4ngiger Sprachpr\u00fcfungen. So erhalten Teilnehmende nicht nur sprachliche Sicherheit, sondern auch gezielte Vorbereitung auf Pr\u00fcfungsformate und berufliche Situationen.<\/p><p data-start=\"1233\" data-end=\"1393\"><strong data-start=\"1233\" data-end=\"1275\">Die Sprachbr\u00fccke schl\u00e4gt Verbindungen:<\/strong><br data-start=\"1275\" data-end=\"1278\" \/>Zwischen Sprachen, Kulturen, Menschen \u2013 und zwischen pers\u00f6nlichem Potenzial und beruflicher Zukunft in Deutschland.<\/p>\t\t\t\t\t\t\t\t<\/div>\n\t\t\t\t<\/div>\n\t\t\t\t\t<\/div>\n\t\t\t\t<\/div>\n\t\t<div class=\"elementor-element elementor-element-14f41f6 e-flex e-con-boxed e-con e-parent\" data-id=\"14f41f6\" data-element_type=\"container\" data-e-type=\"container\">\n\t\t\t\t\t<div class=\"e-con-inner\">\n\t\t\t\t<div class=\"elementor-element elementor-element-e39e4ab elementor-widget elementor-widget-heading\" data-id=\"e39e4ab\" data-element_type=\"widget\" data-e-type=\"widget\" data-widget_type=\"heading.default\">\n\t\t\t\t<div class=\"elementor-widget-container\">\n\t\t\t\t\t<h2 class=\"elementor-heading-title elementor-size-default\">Ziele des Kurses:<\/h2>\t\t\t\t<\/div>\n\t\t\t\t<\/div>\n\t\t\t\t\t<\/div>\n\t\t\t\t<\/div>\n\t\t<div class=\"elementor-element elementor-element-4024fc4 e-flex e-con-boxed e-con e-parent\" data-id=\"4024fc4\" data-element_type=\"container\" data-e-type=\"container\">\n\t\t\t\t\t<div class=\"e-con-inner\">\n\t\t\t\t<div class=\"elementor-element elementor-element-15bf8fa elementor-widget elementor-widget-text-editor\" data-id=\"15bf8fa\" data-element_type=\"widget\" data-e-type=\"widget\" data-widget_type=\"text-editor.default\">\n\t\t\t\t<div class=\"elementor-widget-container\">\n\t\t\t\t\t\t\t\t\t<p>Die Sprachbr\u00fccke verfolgt ein klares Ziel:<br data-start=\"254\" data-end=\"257\" \/><strong data-start=\"257\" data-end=\"360\">Deutsch verst\u00e4ndlich, zug\u00e4nglich und pr\u00fcfungsorientiert vermitteln \u2013 unabh\u00e4ngig vom Aufenthaltsort.<\/strong><br data-start=\"360\" data-end=\"363\" \/>Unser Onlinekurs richtet sich an arabischsprachige Menschen im Herkunftsland ebenso wie an bereits in Deutschland lebende Personen, die ihre Sprachkenntnisse ausbauen m\u00f6chten.<\/p>\t\t\t\t\t\t\t\t<\/div>\n\t\t\t\t<\/div>\n\t\t\t\t<div class=\"elementor-element elementor-element-8e5dbad elementor-widget elementor-widget-image\" data-id=\"8e5dbad\" data-element_type=\"widget\" data-e-type=\"widget\" data-widget_type=\"image.default\">\n\t\t\t\t<div class=\"elementor-widget-container\">\n\t\t\t\t\t\t\t\t\t\t\t\t\t\t\t<img fetchpriority=\"high\" decoding=\"async\" width=\"640\" height=\"640\" src=\"https:\/\/www.zivd.de\/wp-content\/uploads\/2025\/05\/Rahmen-Instagram-1080x1080-2-1024x1024.png\" class=\"attachment-large size-large wp-image-12196\" alt=\"\" srcset=\"https:\/\/www.zivd.de\/wp-content\/uploads\/2025\/05\/Rahmen-Instagram-1080x1080-2-1024x1024.png 1024w, https:\/\/www.zivd.de\/wp-content\/uploads\/2025\/05\/Rahmen-Instagram-1080x1080-2-300x300.png 300w, https:\/\/www.zivd.de\/wp-content\/uploads\/2025\/05\/Rahmen-Instagram-1080x1080-2-150x150.png 150w, https:\/\/www.zivd.de\/wp-content\/uploads\/2025\/05\/Rahmen-Instagram-1080x1080-2-768x768.png 768w, https:\/\/www.zivd.de\/wp-content\/uploads\/2025\/05\/Rahmen-Instagram-1080x1080-2-270x270.png 270w, https:\/\/www.zivd.de\/wp-content\/uploads\/2025\/05\/Rahmen-Instagram-1080x1080-2-850x850.png 850w, https:\/\/www.zivd.de\/wp-content\/uploads\/2025\/05\/Rahmen-Instagram-1080x1080-2.png 1080w\" sizes=\"(max-width: 640px) 100vw, 640px\" \/>\t\t\t\t\t\t\t\t\t\t\t\t\t\t\t<\/div>\n\t\t\t\t<\/div>\n\t\t\t\t\t<\/div>\n\t\t\t\t<\/div>\n\t\t<div class=\"elementor-element elementor-element-5f29c7b e-flex e-con-boxed e-con e-parent\" data-id=\"5f29c7b\" data-element_type=\"container\" data-e-type=\"container\">\n\t\t\t\t\t<div class=\"e-con-inner\">\n\t\t\t\t<div class=\"elementor-element elementor-element-b672e70 elementor-widget elementor-widget-text-editor\" data-id=\"b672e70\" data-element_type=\"widget\" data-e-type=\"widget\" data-widget_type=\"text-editor.default\">\n\t\t\t\t<div class=\"elementor-widget-container\">\n\t\t\t\t\t\t\t\t\t<p data-start=\"540\" data-end=\"761\">Teilnehmende sollen durch den Kurs in der Lage sein, <strong data-start=\"593\" data-end=\"640\">Deutsch sicher zu sprechen und zu schreiben<\/strong> \u2013 sowohl im Alltag als auch im Beruf. Gleichzeitig bereitet unser Lernsystem gezielt auf anerkannte Sprachpr\u00fcfungen vor.<\/p><p data-start=\"763\" data-end=\"1041\">Die Sprachbr\u00fccke begleitet den Spracherwerb <strong data-start=\"807\" data-end=\"873\">von den Grundlagen bis zum fortgeschrittenen Niveau (z.\u202fB. B2)<\/strong> \u2013 in mehreren Modulen. Damit schaffen wir einen niedrigschwelligen Zugang f\u00fcr Einsteiger*innen und gleichzeitig die M\u00f6glichkeit zur kontinuierlichen Weiterentwicklung.<\/p><p data-start=\"1043\" data-end=\"1260\">Unser \u00fcbergeordnetes Ziel ist es, m\u00f6glichst vielen Teilnehmenden das Bestehen der Pr\u00fcfungen zu erm\u00f6glichen \u2013 und ihnen damit neue Wege zu <strong data-start=\"1181\" data-end=\"1232\">Beruf, Ausbildung oder pers\u00f6nlicher Entwicklung<\/strong> in Deutschland zu er\u00f6ffnen.<\/p>\t\t\t\t\t\t\t\t<\/div>\n\t\t\t\t<\/div>\n\t\t\t\t\t<\/div>\n\t\t\t\t<\/div>\n\t\t<div class=\"elementor-element elementor-element-a429760 e-flex e-con-boxed e-con e-parent\" data-id=\"a429760\" data-element_type=\"container\" data-e-type=\"container\">\n\t\t\t\t\t<div class=\"e-con-inner\">\n\t\t\t\t<div class=\"elementor-element elementor-element-71414b8 elementor-widget elementor-widget-heading\" data-id=\"71414b8\" data-element_type=\"widget\" data-e-type=\"widget\" data-widget_type=\"heading.default\">\n\t\t\t\t<div class=\"elementor-widget-container\">\n\t\t\t\t\t<h2 class=\"elementor-heading-title elementor-size-default\">F\u00fcr wen ist die Sprachbr\u00fccke gedacht?<\/h2>\t\t\t\t<\/div>\n\t\t\t\t<\/div>\n\t\t\t\t<div class=\"elementor-element elementor-element-48727af elementor-widget elementor-widget-text-editor\" data-id=\"48727af\" data-element_type=\"widget\" data-e-type=\"widget\" data-widget_type=\"text-editor.default\">\n\t\t\t\t<div class=\"elementor-widget-container\">\n\t\t\t\t\t\t\t\t\t<p data-start=\"235\" data-end=\"490\">Die Sprachbr\u00fccke richtet sich an <strong data-start=\"268\" data-end=\"298\">arabischsprachige Menschen<\/strong>, die Deutsch lernen m\u00f6chten \u2013 unabh\u00e4ngig von Alter, Schulbildung oder Vorkenntnissen. Unser Angebot steht allen offen, die einen einfachen und praxisnahen Zugang zur deutschen Sprache suchen.<\/p><p data-start=\"492\" data-end=\"683\">Besonders willkommen sind Teilnehmende, die ihre <strong data-start=\"541\" data-end=\"578\">berufliche Zukunft in Deutschland<\/strong> sehen oder sich gezielt auf eine <strong data-start=\"612\" data-end=\"662\">sprachliche Qualifikation f\u00fcr den Arbeitsmarkt<\/strong> vorbereiten m\u00f6chten.<\/p><p data-start=\"685\" data-end=\"946\">Der Kurs beginnt ohne Vorkenntnisse und f\u00fchrt schrittweise zu einem pr\u00fcfungsrelevanten Sprachniveau \u2013 bis hin zu B2. Momentan richtet sich unser Fokus insbesondere an Interessierte aus <strong data-start=\"870\" data-end=\"881\">Marokko<\/strong>, das als Partnerregion eine besondere Rolle im Projekt einnimmt.<\/p><p data-start=\"948\" data-end=\"1107\">Die Sprachbr\u00fccke steht f\u00fcr Offenheit, Zug\u00e4nglichkeit und Perspektive \u2013 von der ersten Begegnung mit der deutschen Sprache bis zum n\u00e4chsten beruflichen Schritt.<\/p>\t\t\t\t\t\t\t\t<\/div>\n\t\t\t\t<\/div>\n\t\t\t\t<div class=\"elementor-element elementor-element-3db26d3 elementor-widget elementor-widget-heading\" data-id=\"3db26d3\" data-element_type=\"widget\" data-e-type=\"widget\" data-widget_type=\"heading.default\">\n\t\t\t\t<div class=\"elementor-widget-container\">\n\t\t\t\t\t<h2 class=\"elementor-heading-title elementor-size-default\">So funktioniert die Sprachbr\u00fccke<\/h2>\t\t\t\t<\/div>\n\t\t\t\t<\/div>\n\t\t\t\t<div class=\"elementor-element elementor-element-847fe17 elementor-widget elementor-widget-text-editor\" data-id=\"847fe17\" data-element_type=\"widget\" data-e-type=\"widget\" data-widget_type=\"text-editor.default\">\n\t\t\t\t<div class=\"elementor-widget-container\">\n\t\t\t\t\t\t\t\t\t<p data-start=\"181\" data-end=\"414\">Unser Sprachkurs ist modular aufgebaut und orientiert sich am Gemeinsamen Europ\u00e4ischen Referenzrahmen f\u00fcr Sprachen (GER). Jedes Modul entspricht einem Sprachniveau \u2013 vom Einstieg bis hin zu B2 \u2013 und dauert in der Regel <strong data-start=\"400\" data-end=\"413\">12 Wochen<\/strong>.<\/p><p data-start=\"416\" data-end=\"557\">Der Unterricht findet <strong data-start=\"438\" data-end=\"484\">viermal pro Woche f\u00fcr jeweils zwei Stunden<\/strong> statt \u2013 online, in kleinen Gruppen und mit direkten Sprechgelegenheiten.<\/p><h3 data-start=\"559\" data-end=\"592\"><strong data-start=\"563\" data-end=\"592\">Lerninhalte und Methoden:<\/strong><\/h3><p data-start=\"593\" data-end=\"658\">Teilnehmende erwarten vielf\u00e4ltige und praxisnahe \u00dcbungen rund um:<\/p><ul data-start=\"659\" data-end=\"958\"><li data-start=\"659\" data-end=\"723\"><p data-start=\"661\" data-end=\"723\"><strong data-start=\"661\" data-end=\"685\">Alltagskommunikation<\/strong> (z.\u202fB. Einkaufen, Termine, Gespr\u00e4che)<\/p><\/li><li data-start=\"724\" data-end=\"757\"><p data-start=\"726\" data-end=\"757\"><strong data-start=\"726\" data-end=\"757\">H\u00f6rverstehen und Aussprache<\/strong><\/p><\/li><li data-start=\"758\" data-end=\"832\"><p data-start=\"760\" data-end=\"832\"><strong data-start=\"760\" data-end=\"784\">Pr\u00fcfungsvorbereitung<\/strong> (z.\u202fB. Aufgabenformate, schriftlicher Ausdruck)<\/p><\/li><li data-start=\"833\" data-end=\"893\"><p data-start=\"835\" data-end=\"893\"><strong data-start=\"835\" data-end=\"893\">Strukturiertes Arbeiten mit Arbeitsbl\u00e4ttern und Videos<\/strong><\/p><\/li><li data-start=\"894\" data-end=\"958\"><p data-start=\"896\" data-end=\"958\"><strong data-start=\"896\" data-end=\"958\">Gezielte Sprech\u00fcbungen mit deutschen Muttersprachler*innen<\/strong><\/p><\/li><\/ul><p data-start=\"960\" data-end=\"1130\">Alle Module basieren auf einem klaren didaktischen Konzept, das vom ZIVD entwickelt wurde. Am Ende eines jeden Moduls erhalten Teilnehmende eine <strong data-start=\"1105\" data-end=\"1129\">Teilnahmebest\u00e4tigung<\/strong>.<\/p>\t\t\t\t\t\t\t\t<\/div>\n\t\t\t\t<\/div>\n\t\t\t\t<div class=\"elementor-element elementor-element-c327127 elementor-widget elementor-widget-heading\" data-id=\"c327127\" data-element_type=\"widget\" data-e-type=\"widget\" data-widget_type=\"heading.default\">\n\t\t\t\t<div class=\"elementor-widget-container\">\n\t\t\t\t\t<h2 class=\"elementor-heading-title elementor-size-default\">Ablauf und Teilnahmevoraussetzungen<\/h2>\t\t\t\t<\/div>\n\t\t\t\t<\/div>\n\t\t\t\t<div class=\"elementor-element elementor-element-3bb67e9 elementor-widget elementor-widget-text-editor\" data-id=\"3bb67e9\" data-element_type=\"widget\" data-e-type=\"widget\" data-widget_type=\"text-editor.default\">\n\t\t\t\t<div class=\"elementor-widget-container\">\n\t\t\t\t\t\t\t\t\t<p data-start=\"312\" data-end=\"546\">Die Teilnahme an der Sprachbr\u00fccke ist einfach und ortsunabh\u00e4ngig \u2013 m\u00f6glich sowohl aus dem Herkunftsland als auch aus Deutschland. Alles, was du brauchst, ist ein internetf\u00e4higes Ger\u00e4t, etwas Zeit und die Motivation, Deutsch zu lernen.<\/p><h3 data-start=\"548\" data-end=\"572\"><strong data-start=\"552\" data-end=\"572\">Was du brauchst:<\/strong><\/h3><ul data-start=\"573\" data-end=\"773\"><li data-start=\"573\" data-end=\"630\"><p data-start=\"575\" data-end=\"630\">Ein Smartphone, Tablet oder Computer mit Internetzugang<\/p><\/li><li data-start=\"631\" data-end=\"723\"><p data-start=\"633\" data-end=\"723\">Die kostenlose Software f\u00fcr den Video-Unterricht (z.\u202fB. Zoom oder vergleichbare Plattform)<\/p><\/li><li data-start=\"724\" data-end=\"773\"><p data-start=\"726\" data-end=\"773\">Grundkenntnisse im Umgang mit digitalen Ger\u00e4ten<\/p><\/li><\/ul><h3 data-start=\"775\" data-end=\"804\"><strong data-start=\"779\" data-end=\"804\">Kosten &amp; Materialien:<\/strong><\/h3><ul data-start=\"805\" data-end=\"965\"><li data-start=\"805\" data-end=\"859\"><p data-start=\"807\" data-end=\"859\"><strong data-start=\"807\" data-end=\"859\">Teilnahmegeb\u00fchr pro Kursmodul (20 Wochen): 380\u202f\u20ac<\/strong><\/p><\/li><li data-start=\"860\" data-end=\"965\"><p data-start=\"862\" data-end=\"965\"><strong data-start=\"862\" data-end=\"879\">Lehrmaterial:<\/strong> Ein speziell ausgew\u00e4hltes Lehrbuch, das du \u00fcber uns beziehen kannst (Kosten: 12,99\u202f\u20ac)<\/p><\/li><\/ul><h3 data-start=\"967\" data-end=\"1004\"><strong data-start=\"971\" data-end=\"1004\">So funktioniert der Einstieg:<\/strong><\/h3><p data-start=\"1005\" data-end=\"1233\">Nach deiner Anmeldung wirst du einem passenden Kursmodul zugewiesen \u2013 je nach Sprachniveau (von Einsteiger bis B2). Du erh\u00e4ltst alle weiteren Informationen zur Kursgruppe, den Terminen und technischen Voraussetzungen per E-Mail.<\/p><h3 data-start=\"1235\" data-end=\"1263\"><strong data-start=\"1239\" data-end=\"1263\">Kontakt &amp; Anmeldung:<\/strong><\/h3><p data-start=\"1264\" data-end=\"1394\">Bei Interesse kannst du uns auf <strong data-start=\"1296\" data-end=\"1321\">Deutsch oder Arabisch<\/strong> per E-Mail erreichen:<\/p><p data-start=\"1264\" data-end=\"1394\">sprachbruecke@international-career-harbour.de<\/p>\t\t\t\t\t\t\t\t<\/div>\n\t\t\t\t<\/div>\n\t\t\t\t\t<\/div>\n\t\t\t\t<\/div>\n\t\t<div class=\"elementor-element elementor-element-14a6f69 e-flex e-con-boxed e-con e-parent\" data-id=\"14a6f69\" data-element_type=\"container\" data-e-type=\"container\">\n\t\t\t\t\t<div class=\"e-con-inner\">\n\t\t\t\t<div class=\"elementor-element elementor-element-6f8097b elementor-widget elementor-widget-heading\" data-id=\"6f8097b\" data-element_type=\"widget\" data-e-type=\"widget\" data-widget_type=\"heading.default\">\n\t\t\t\t<div class=\"elementor-widget-container\">\n\t\t\t\t\t<h2 class=\"elementor-heading-title elementor-size-default\">Wie kannst du bezahlen?<\/h2>\t\t\t\t<\/div>\n\t\t\t\t<\/div>\n\t\t\t\t<div class=\"elementor-element elementor-element-bcce34c elementor-widget elementor-widget-text-editor\" data-id=\"bcce34c\" data-element_type=\"widget\" data-e-type=\"widget\" data-widget_type=\"text-editor.default\">\n\t\t\t\t<div class=\"elementor-widget-container\">\n\t\t\t\t\t\t\t\t\t<h3 data-start=\"225\" data-end=\"256\"><strong data-start=\"229\" data-end=\"256\">Wie kannst du bezahlen?<\/strong><\/h3><p data-start=\"258\" data-end=\"461\">Die Kursgeb\u00fchr (380\u202f\u20ac pro Modul) sowie das Lehrbuch (12,99\u202f\u20ac) k\u00f6nnen einfach und sicher bezahlt werden. Nach deiner Anmeldung erh\u00e4ltst du alle Zahlungsinformationen per E-Mail \u2013 auf Deutsch und Arabisch.<\/p><h3 data-start=\"463\" data-end=\"505\"><strong data-start=\"467\" data-end=\"505\">Folgende Bezahlarten sind m\u00f6glich:<\/strong><\/h3><ul data-start=\"506\" data-end=\"781\"><li data-start=\"506\" data-end=\"586\"><p data-start=\"508\" data-end=\"586\"><strong data-start=\"508\" data-end=\"534\">Bank\u00fcberweisung (SEPA)<\/strong> \u2013 aus Deutschland oder anderen europ\u00e4ischen L\u00e4ndern<\/p><\/li><li data-start=\"587\" data-end=\"635\"><p data-start=\"589\" data-end=\"635\"><strong data-start=\"589\" data-end=\"599\">PayPal<\/strong> \u2013 schnell und international nutzbar<\/p><\/li><li data-start=\"636\" data-end=\"693\"><p data-start=\"638\" data-end=\"693\"><strong data-start=\"638\" data-end=\"655\">Western Union<\/strong> \u2013 f\u00fcr Personen ohne eigenes Bankkonto<\/p><\/li><li data-start=\"694\" data-end=\"781\"><p data-start=\"696\" data-end=\"781\"><strong data-start=\"696\" data-end=\"721\">Barzahlung in Marokko<\/strong> \u2013 \u00fcber unsere <strong data-start=\"736\" data-end=\"781\">offiziellen Vertreter des Vereins vor Ort<\/strong><\/p><\/li><\/ul><p data-start=\"783\" data-end=\"1013\">Die genauen Zahlungsdetails erh\u00e4ltst du nach der Anmeldung.<br data-start=\"842\" data-end=\"845\" \/><strong data-start=\"845\" data-end=\"857\">Wichtig:<\/strong> Deine Anmeldung wird erst verbindlich, wenn die Zahlung eingegangen oder best\u00e4tigt ist. Danach erh\u00e4ltst du eine Teilnahmebest\u00e4tigung und alle Zugangsdaten.<\/p>\t\t\t\t\t\t\t\t<\/div>\n\t\t\t\t<\/div>\n\t\t\t\t\t<\/div>\n\t\t\t\t<\/div>\n\t\t<div class=\"elementor-element elementor-element-da5e12b e-flex e-con-boxed e-con e-parent\" data-id=\"da5e12b\" data-element_type=\"container\" data-e-type=\"container\">\n\t\t\t\t\t<div class=\"e-con-inner\">\n\t\t\t\t<div class=\"elementor-element elementor-element-83c7afd elementor-widget elementor-widget-heading\" data-id=\"83c7afd\" data-element_type=\"widget\" data-e-type=\"widget\" data-widget_type=\"heading.default\">\n\t\t\t\t<div class=\"elementor-widget-container\">\n\t\t\t\t\t<h2 class=\"elementor-heading-title elementor-size-default\">So meldest du dich an\n<\/h2>\t\t\t\t<\/div>\n\t\t\t\t<\/div>\n\t\t\t\t<div class=\"elementor-element elementor-element-4b37aa6 elementor-widget elementor-widget-text-editor\" data-id=\"4b37aa6\" data-element_type=\"widget\" data-e-type=\"widget\" data-widget_type=\"text-editor.default\">\n\t\t\t\t<div class=\"elementor-widget-container\">\n\t\t\t\t\t\t\t\t\t<p data-start=\"131\" data-end=\"284\">Wenn du an einem Deutschkurs der Sprachbr\u00fccke teilnehmen m\u00f6chtest, kannst du dich ganz einfach per E-Mail bei uns melden \u2013 auf <strong data-start=\"258\" data-end=\"283\">Deutsch oder Arabisch<\/strong>.<\/p><p data-start=\"286\" data-end=\"342\">Bitte gib in deiner Nachricht folgende Informationen an:<\/p><ul data-start=\"343\" data-end=\"538\"><li data-start=\"343\" data-end=\"371\"><p data-start=\"345\" data-end=\"371\">Deinen vollst\u00e4ndigen Namen<\/p><\/li><li data-start=\"372\" data-end=\"392\"><p data-start=\"374\" data-end=\"392\">Dein Herkunftsland<\/p><\/li><li data-start=\"393\" data-end=\"457\"><p data-start=\"395\" data-end=\"457\">Ob du schon Deutsch gelernt hast (wenn ja, auf welchem Niveau)<\/p><\/li><li data-start=\"458\" data-end=\"505\"><p data-start=\"460\" data-end=\"505\">Ob du das Lehrbuch \u00fcber uns beziehen m\u00f6chtest<\/p><\/li><li data-start=\"506\" data-end=\"538\"><p data-start=\"508\" data-end=\"538\">Deine bevorzugte Bezahlmethode<\/p><\/li><\/ul><p data-start=\"540\" data-end=\"657\">Wir melden uns schnellstm\u00f6glich mit weiteren Informationen zu Kursstart, Zahlungsdetails und deinem Einstufungsmodul.<\/p><h3 data-start=\"659\" data-end=\"682\"><strong data-start=\"663\" data-end=\"682\">Kontaktadresse:<\/strong><\/h3><p>sprachbruecke@international-career-harbour.de<\/p>\t\t\t\t\t\t\t\t<\/div>\n\t\t\t\t<\/div>\n\t\t\t\t<div class=\"elementor-element elementor-element-9c3d8cd elementor-widget elementor-widget-shortcode\" data-id=\"9c3d8cd\" data-element_type=\"widget\" data-e-type=\"widget\" data-widget_type=\"shortcode.default\">\n\t\t\t\t<div class=\"elementor-widget-container\">\n\t\t\t\t\t\t\t<div class=\"elementor-shortcode\"><p class=\"wpcf7-contact-form-not-found\"><strong>Error:<\/strong> Contact form not found.<\/p><\/div>\n\t\t\t\t\t\t<\/div>\n\t\t\t\t<\/div>\n\t\t\t\t\t<\/div>\n\t\t\t\t<\/div>\n\t\t<div class=\"elementor-element elementor-element-839ff1a e-flex e-con-boxed e-con e-parent\" data-id=\"839ff1a\" data-element_type=\"container\" data-e-type=\"container\">\n\t\t\t\t\t<div class=\"e-con-inner\">\n\t\t\t\t<div class=\"elementor-element elementor-element-b6a4b67 elementor-widget elementor-widget-heading\" data-id=\"b6a4b67\" data-element_type=\"widget\" data-e-type=\"widget\" data-widget_type=\"heading.default\">\n\t\t\t\t<div class=\"elementor-widget-container\">\n\t\t\t\t\t<h2 class=\"elementor-heading-title elementor-size-default\">Wann startet der n\u00e4chste Kurs?<\/h2>\t\t\t\t<\/div>\n\t\t\t\t<\/div>\n\t\t\t\t\t<\/div>\n\t\t\t\t<\/div>\n\t\t<div class=\"elementor-element elementor-element-3661c61 e-flex e-con-boxed e-con e-parent\" data-id=\"3661c61\" data-element_type=\"container\" data-e-type=\"container\">\n\t\t\t\t\t<div class=\"e-con-inner\">\n\t\t\t\t<div class=\"elementor-element elementor-element-6b8f6fc elementor-widget elementor-widget-text-editor\" data-id=\"6b8f6fc\" data-element_type=\"widget\" data-e-type=\"widget\" data-widget_type=\"text-editor.default\">\n\t\t\t\t<div class=\"elementor-widget-container\">\n\t\t\t\t\t\t\t\t\t<p data-start=\"186\" data-end=\"249\">Der n\u00e4chste <strong data-start=\"198\" data-end=\"220\">Grundkurs (bis A1)<\/strong> der Sprachbr\u00fccke beginnt am:<\/p><p data-start=\"251\" data-end=\"471\">\ud83d\uddd3\ufe0f <strong data-start=\"255\" data-end=\"270\">Startdatum:<\/strong> <strong data-start=\"271\" data-end=\"290\">18. August 2025<\/strong><br data-start=\"290\" data-end=\"293\" \/>\u23f0 <strong data-start=\"295\" data-end=\"317\">Unterrichtszeiten:<\/strong> <strong data-start=\"318\" data-end=\"362\">Montag, Dienstag, Donnerstag und Freitag<\/strong><br data-start=\"362\" data-end=\"365\" \/>\ud83d\udd55 <strong data-start=\"368\" data-end=\"380\">Uhrzeit:<\/strong> jeweils von <strong data-start=\"393\" data-end=\"433\">18:00 bis 20:00 Uhr (deutscher Zeit)<\/strong><br data-start=\"433\" data-end=\"436\" \/>\ud83d\udccd <strong data-start=\"439\" data-end=\"447\">Ort:<\/strong> Online (per Zoom o.\u202f\u00e4.)<\/p><h3 data-start=\"473\" data-end=\"499\"><strong data-start=\"477\" data-end=\"499\">Das erwartet dich:<\/strong><\/h3><ul data-start=\"500\" data-end=\"803\"><li data-start=\"500\" data-end=\"541\"><p data-start=\"502\" data-end=\"541\">Einstieg <strong data-start=\"511\" data-end=\"533\">ohne Vorkenntnisse<\/strong> m\u00f6glich<\/p><\/li><li data-start=\"542\" data-end=\"583\"><p data-start=\"544\" data-end=\"583\"><strong data-start=\"544\" data-end=\"557\">12 Wochen<\/strong> intensives Sprachtraining<\/p><\/li><li data-start=\"584\" data-end=\"632\"><p data-start=\"586\" data-end=\"632\">Lernen mit <strong data-start=\"597\" data-end=\"632\">deutschen Muttersprachler*innen<\/strong><\/p><\/li><li data-start=\"633\" data-end=\"681\"><p data-start=\"635\" data-end=\"681\">Praxisnahe Vorbereitung auf die <strong data-start=\"667\" data-end=\"681\">A1-Pr\u00fcfung<\/strong><\/p><\/li><li data-start=\"682\" data-end=\"720\"><p data-start=\"684\" data-end=\"720\"><strong data-start=\"684\" data-end=\"708\">Teilnahmebest\u00e4tigung<\/strong> am Kursende<\/p><\/li><li data-start=\"721\" data-end=\"803\"><p data-start=\"723\" data-end=\"803\"><strong data-start=\"723\" data-end=\"765\">Maximal 12 Teilnehmende pro Kursgruppe<\/strong> \u2013 f\u00fcr pers\u00f6nliches, effektives Lernen<\/p><\/li><\/ul><p data-start=\"805\" data-end=\"871\">\ud83d\udccc Die Pl\u00e4tze sind begrenzt \u2013 sichere dir fr\u00fchzeitig deinen Platz!<\/p>\t\t\t\t\t\t\t\t<\/div>\n\t\t\t\t<\/div>\n\t\t\t\t\t<\/div>\n\t\t\t\t<\/div>\n\t\t\t\t<\/div>\n\t\t","protected":false},"excerpt":{"rendered":"<p>Deutsch lernen \u2013 praxisnah, digital und gemeinsam mit Muttersprachler*innen.Die Sprachbr\u00fccke ist ein innovatives Online-Sprachlernangebot des ZIVD im Rahmen des International Career Harbour. Es richtet sich an arabischsprachige Menschen \u2013 sowohl im Herkunftsland als auch in Deutschland \u2013, die ihre Deutschkenntnisse gezielt und strukturiert verbessern m\u00f6chten. Der Fokus liegt auf beruflicher&#8230;<\/p>\n<p class=\"read-more\"><a class=\"btn btn-default\" href=\"https:\/\/www.zivd.de\/en\/die-sprachbruecke\/\"> Read More<span class=\"screen-reader-text\">  Read More<\/span><\/a><\/p>\n","protected":false},"author":3,"featured_media":12201,"parent":0,"menu_order":0,"comment_status":"closed","ping_status":"closed","template":"","meta":{"inline_featured_image":false,"footnotes":""},"class_list":["post-12204","page","type-page","status-publish","has-post-thumbnail","hentry"],"aioseo_notices":[],"jetpack_sharing_enabled":true,"_links":{"self":[{"href":"https:\/\/www.zivd.de\/en\/wp-json\/wp\/v2\/pages\/12204","targetHints":{"allow":["GET"]}}],"collection":[{"href":"https:\/\/www.zivd.de\/en\/wp-json\/wp\/v2\/pages"}],"about":[{"href":"https:\/\/www.zivd.de\/en\/wp-json\/wp\/v2\/types\/page"}],"author":[{"embeddable":true,"href":"https:\/\/www.zivd.de\/en\/wp-json\/wp\/v2\/users\/3"}],"replies":[{"embeddable":true,"href":"https:\/\/www.zivd.de\/en\/wp-json\/wp\/v2\/comments?post=12204"}],"version-history":[{"count":13,"href":"https:\/\/www.zivd.de\/en\/wp-json\/wp\/v2\/pages\/12204\/revisions"}],"predecessor-version":[{"id":12567,"href":"https:\/\/www.zivd.de\/en\/wp-json\/wp\/v2\/pages\/12204\/revisions\/12567"}],"wp:featuredmedia":[{"embeddable":true,"href":"https:\/\/www.zivd.de\/en\/wp-json\/wp\/v2\/media\/12201"}],"wp:attachment":[{"href":"https:\/\/www.zivd.de\/en\/wp-json\/wp\/v2\/media?parent=12204"}],"curies":[{"name":"wp","href":"https:\/\/api.w.org\/{rel}","templated":true}]}}